{"id":151,"date":"2022-06-15T18:06:50","date_gmt":"2022-06-15T16:06:50","guid":{"rendered":"https:\/\/sergedeyork.com\/?page_id=151"},"modified":"2022-07-21T14:46:18","modified_gmt":"2022-07-21T12:46:18","slug":"chroniques","status":"publish","type":"page","link":"https:\/\/sergedeyork.com\/index.php\/chroniques\/","title":{"rendered":"M\u00e9dias"},"content":{"rendered":"\n<p>\u201cLe lillois Serge de York place de facto haut la barre pour son premier album&#8230; Neuf titres ancr\u00e9s dans leur \u00e9poque&#8230; Pop \u00e9l\u00e9gante et complexe dont on devine les racines rock s\u00e9duit.&#8221;<br><strong>FRANCOFANS<\/strong><\/p>\n\n\n\n<p>\u201cInspir\u00e9 par des artistes comme Daniel Darc, Benjamin Biolay ou Miossec, Serge de York livre un premier album sans filtre, tr\u00e8s efficace et r\u00e9ussi musicalement.\u201d<br><strong>LA VOIX DU NORD<\/strong><\/p>\n\n\n\n<p>\u00ab&nbsp;Je risque de d\u00e9tester les gens, les m\u00e9dias, les radios, le public, le syst\u00e8me, le monde entier si ce premier album magnifique ne propulse pas tr\u00e8s rapidement&nbsp;Serge de York&nbsp;dans la cour des grands.&nbsp;\u00bb<br><strong>BREAK MUSICAL<\/strong><br><br>\u201cHip hop, chanson fran\u00e7aise et musique urbaine, un patchwork moderne dont le tissage sans filtre imprime une coloration effront\u00e9ment humaine.\u201d<br><strong>MUSIK PLEASE<\/strong><\/p>\n\n\n\n<p>\u201c<em>Subjuguant de beaut\u00e9 et de pertinence.\u201d <br><\/em><strong>INDIEMUSIC<\/strong><\/p>\n\n\n\n<p><em>\u201cA l\u2019instar d\u2019Odezenne, Serge de York trimballe une authentique et bouleversante m\u00e9lancolie.[&#8230;] Au Nord de Nulle Part, mais bien au c\u0153ur d\u2019une sc\u00e8ne en pleine effervescence et passionnante.\u201d<\/em><br><strong>INDIE POP ROCK<\/strong><br><br>\u00ab&nbsp;Incroyablement visc\u00e9ral, on le re\u00e7oit en pleine face comme un uppercut.&nbsp;\u00bb<br><strong>LA PARISIENNE LIFE<\/strong><\/p>\n\n\n\n<hr class=\"wp-block-separator has-alpha-channel-opacity\"\/>\n\n\n\n<h2 class=\"wp-block-heading\">Playlists<\/h2>\n\n\n\n<p>La pop fran\u00e7aise<br>Vague Francophone<br>French Twist<br>Top France 2022<br>En Fran\u00e7ais<br>Actu rap fran\u00e7ais <br>Nouveaut\u00e9 rap fran\u00e7ais<br>Classico organis\u00e9<br>Skyrock &#8211; Hit 2022<br>Sorry not sorry<\/p>\n\n\n\n<h2 class=\"wp-block-heading\">Diffusion radio<\/h2>\n\n\n\n<p>Radio Campus Lille<br>Fr\u00e9quence Mutine<br>CIBL Montreal<br>Radio Plus<br>Radio Scarpe sens\u00e9e<br>Radio Valois Multien<br>Radio ballades<br>Radio Val de Reims<br>Radio 2ma<br>Radio Club<br>Radio Evasion<br>Radio FDL<br>Radio Rennes<br>Radio MDM<br>Radio Puisaleine<br>Radio Bois Blanc<br>Radio Campus Amiens<\/p>\n\n\n\n<h2 class=\"wp-block-heading\">Interviews<\/h2>\n\n\n\n<p><strong>RADIO PLUS<\/strong><\/p>\n\n\n\n<figure class=\"wp-block-embed is-type-rich is-provider-mixcloud wp-block-embed-mixcloud wp-embed-aspect-21-9 wp-has-aspect-ratio\"><div class=\"wp-block-embed__wrapper\">\n<iframe loading=\"lazy\" title=\"11052022 P1 - Serge De York - Maintenant J Y Vais\" width=\"100%\" height=\"120\" src=\"https:\/\/www.mixcloud.com\/widget\/iframe\/?feed=https%3A%2F%2Fwww.mixcloud.com%2Fradioplus62%2F11052022-serge-de-york-maintenant-j-y-vais%2F&amp;hide_cover=1\" frameborder=\"0\"><\/iframe>\n<\/div><\/figure>\n\n\n\n<figure class=\"wp-block-embed is-type-rich is-provider-mixcloud wp-block-embed-mixcloud wp-embed-aspect-21-9 wp-has-aspect-ratio\"><div class=\"wp-block-embed__wrapper\">\n<iframe loading=\"lazy\" title=\"11052022 - P2 - Serge De York - Maintenant J Y Vais\" width=\"100%\" height=\"120\" src=\"https:\/\/www.mixcloud.com\/widget\/iframe\/?feed=https%3A%2F%2Fwww.mixcloud.com%2Fradioplus62%2F11052022-p2-serge-de-york-maintenant-j-y-vais%2F&amp;hide_cover=1\" frameborder=\"0\"><\/iframe>\n<\/div><\/figure>\n\n\n\n<h3 class=\"wp-block-heading\">Radio Campus Lille<\/h3>\n\n\n\n<figure class=\"wp-block-embed is-type-rich is-provider-spotify wp-block-embed-spotify wp-embed-aspect-21-9 wp-has-aspect-ratio\"><div class=\"wp-block-embed__wrapper\">\n<iframe loading=\"lazy\" title=\"Spotify Embed: #9 Serge de York, pop cathartique\" style=\"border-radius: 12px\" width=\"100%\" height=\"152\" frameborder=\"0\" allowfullscreen allow=\"autoplay; clipboard-write; encrypted-media; fullscreen; picture-in-picture\" src=\"https:\/\/open.spotify.com\/embed\/episode\/28OSYnLBDjqHJCVIhK39qQ?si=1xSgg9KxQ22LEqX2GDHdWQ&#038;utm_source=oembed\"><\/iframe>\n<\/div><\/figure>\n\n\n\n<hr class=\"wp-block-separator has-alpha-channel-opacity\"\/>\n\n\n\n<h2 class=\"wp-block-heading\">Articles complets<\/h2>\n\n\n\n<figure class=\"wp-block-gallery has-nested-images columns-1 is-cropped wp-block-gallery-1 is-layout-flex wp-block-gallery-is-layout-flex\">\n<figure class=\"wp-block-image size-large\"><img loading=\"lazy\" decoding=\"async\" width=\"327\" height=\"934\" data-id=\"195\" src=\"https:\/\/sergedeyork.com\/wp-content\/uploads\/2022\/07\/Serge-de-York.png\" alt=\"\" class=\"wp-image-195\" srcset=\"https:\/\/sergedeyork.com\/wp-content\/uploads\/2022\/07\/Serge-de-York.png 327w, https:\/\/sergedeyork.com\/wp-content\/uploads\/2022\/07\/Serge-de-York-105x300.png 105w\" sizes=\"auto, (max-width: 327px) 100vw, 327px\" \/><\/figure>\n\n\n\n<figure class=\"wp-block-image size-large\"><img loading=\"lazy\" decoding=\"async\" width=\"768\" height=\"1024\" data-id=\"194\" src=\"http:\/\/sergedeyork.com\/wp-content\/uploads\/2022\/07\/image_6483441.jpg\" alt=\"\" class=\"wp-image-194\" srcset=\"https:\/\/sergedeyork.com\/wp-content\/uploads\/2022\/07\/image_6483441.jpg 768w, https:\/\/sergedeyork.com\/wp-content\/uploads\/2022\/07\/image_6483441-225x300.jpg 225w\" sizes=\"auto, (max-width: 768px) 100vw, 768px\" \/><\/figure>\n\n\n\n<figure class=\"wp-block-image size-large\"><img loading=\"lazy\" decoding=\"async\" width=\"3840\" height=\"5675\" data-id=\"181\" src=\"http:\/\/sergedeyork.com\/wp-content\/uploads\/2022\/07\/break-musical.png\" alt=\"\" class=\"wp-image-181\" srcset=\"https:\/\/sergedeyork.com\/wp-content\/uploads\/2022\/07\/break-musical.png 3840w, https:\/\/sergedeyork.com\/wp-content\/uploads\/2022\/07\/break-musical-203x300.png 203w, https:\/\/sergedeyork.com\/wp-content\/uploads\/2022\/07\/break-musical-693x1024.png 693w, https:\/\/sergedeyork.com\/wp-content\/uploads\/2022\/07\/break-musical-768x1135.png 768w, https:\/\/sergedeyork.com\/wp-content\/uploads\/2022\/07\/break-musical-1039x1536.png 1039w, https:\/\/sergedeyork.com\/wp-content\/uploads\/2022\/07\/break-musical-1386x2048.png 1386w, https:\/\/sergedeyork.com\/wp-content\/uploads\/2022\/07\/break-musical-1568x2317.png 1568w\" sizes=\"auto, (max-width: 3840px) 100vw, 3840px\" \/><\/figure>\n\n\n\n<figure class=\"wp-block-image size-large\"><img loading=\"lazy\" decoding=\"async\" width=\"3840\" height=\"7927\" data-id=\"189\" src=\"http:\/\/sergedeyork.com\/wp-content\/uploads\/2022\/07\/musicplease.png\" alt=\"\" class=\"wp-image-189\" srcset=\"https:\/\/sergedeyork.com\/wp-content\/uploads\/2022\/07\/musicplease.png 3840w, https:\/\/sergedeyork.com\/wp-content\/uploads\/2022\/07\/musicplease-145x300.png 145w, https:\/\/sergedeyork.com\/wp-content\/uploads\/2022\/07\/musicplease-496x1024.png 496w, https:\/\/sergedeyork.com\/wp-content\/uploads\/2022\/07\/musicplease-768x1585.png 768w, https:\/\/sergedeyork.com\/wp-content\/uploads\/2022\/07\/musicplease-744x1536.png 744w, https:\/\/sergedeyork.com\/wp-content\/uploads\/2022\/07\/musicplease-992x2048.png 992w, https:\/\/sergedeyork.com\/wp-content\/uploads\/2022\/07\/musicplease-1568x3237.png 1568w\" sizes=\"auto, (max-width: 3840px) 100vw, 3840px\" \/><\/figure>\n\n\n\n<figure class=\"wp-block-image size-large\"><img loading=\"lazy\" decoding=\"async\" width=\"3840\" height=\"5939\" data-id=\"192\" src=\"http:\/\/sergedeyork.com\/wp-content\/uploads\/2022\/07\/parisiennelife.png\" alt=\"\" class=\"wp-image-192\" srcset=\"https:\/\/sergedeyork.com\/wp-content\/uploads\/2022\/07\/parisiennelife.png 3840w, https:\/\/sergedeyork.com\/wp-content\/uploads\/2022\/07\/parisiennelife-194x300.png 194w, https:\/\/sergedeyork.com\/wp-content\/uploads\/2022\/07\/parisiennelife-662x1024.png 662w, https:\/\/sergedeyork.com\/wp-content\/uploads\/2022\/07\/parisiennelife-768x1188.png 768w, https:\/\/sergedeyork.com\/wp-content\/uploads\/2022\/07\/parisiennelife-993x1536.png 993w, https:\/\/sergedeyork.com\/wp-content\/uploads\/2022\/07\/parisiennelife-1324x2048.png 1324w, https:\/\/sergedeyork.com\/wp-content\/uploads\/2022\/07\/parisiennelife-1568x2425.png 1568w\" sizes=\"auto, (max-width: 3840px) 100vw, 3840px\" \/><\/figure>\n\n\n\n<figure class=\"wp-block-image size-large\"><img loading=\"lazy\" decoding=\"async\" width=\"3840\" height=\"4423\" data-id=\"191\" src=\"http:\/\/sergedeyork.com\/wp-content\/uploads\/2022\/07\/oreillescurieuses.png\" alt=\"\" class=\"wp-image-191\" srcset=\"https:\/\/sergedeyork.com\/wp-content\/uploads\/2022\/07\/oreillescurieuses.png 3840w, https:\/\/sergedeyork.com\/wp-content\/uploads\/2022\/07\/oreillescurieuses-260x300.png 260w, https:\/\/sergedeyork.com\/wp-content\/uploads\/2022\/07\/oreillescurieuses-889x1024.png 889w, https:\/\/sergedeyork.com\/wp-content\/uploads\/2022\/07\/oreillescurieuses-768x885.png 768w, https:\/\/sergedeyork.com\/wp-content\/uploads\/2022\/07\/oreillescurieuses-1334x1536.png 1334w, https:\/\/sergedeyork.com\/wp-content\/uploads\/2022\/07\/oreillescurieuses-1778x2048.png 1778w, https:\/\/sergedeyork.com\/wp-content\/uploads\/2022\/07\/oreillescurieuses-1568x1806.png 1568w\" sizes=\"auto, (max-width: 3840px) 100vw, 3840px\" \/><\/figure>\n\n\n\n<figure class=\"wp-block-image size-large\"><img loading=\"lazy\" decoding=\"async\" width=\"3840\" height=\"9375\" data-id=\"190\" src=\"http:\/\/sergedeyork.com\/wp-content\/uploads\/2022\/07\/newkg.png\" alt=\"\" class=\"wp-image-190\" srcset=\"https:\/\/sergedeyork.com\/wp-content\/uploads\/2022\/07\/newkg.png 3840w, https:\/\/sergedeyork.com\/wp-content\/uploads\/2022\/07\/newkg-123x300.png 123w, https:\/\/sergedeyork.com\/wp-content\/uploads\/2022\/07\/newkg-419x1024.png 419w, https:\/\/sergedeyork.com\/wp-content\/uploads\/2022\/07\/newkg-768x1875.png 768w, https:\/\/sergedeyork.com\/wp-content\/uploads\/2022\/07\/newkg-629x1536.png 629w, https:\/\/sergedeyork.com\/wp-content\/uploads\/2022\/07\/newkg-839x2048.png 839w, https:\/\/sergedeyork.com\/wp-content\/uploads\/2022\/07\/newkg-1568x3828.png 1568w\" sizes=\"auto, (max-width: 3840px) 100vw, 3840px\" \/><\/figure>\n\n\n\n<figure class=\"wp-block-image size-large\"><img loading=\"lazy\" decoding=\"async\" width=\"3840\" height=\"4153\" data-id=\"188\" src=\"http:\/\/sergedeyork.com\/wp-content\/uploads\/2022\/07\/longueurdonde.png\" alt=\"\" class=\"wp-image-188\" srcset=\"https:\/\/sergedeyork.com\/wp-content\/uploads\/2022\/07\/longueurdonde.png 3840w, https:\/\/sergedeyork.com\/wp-content\/uploads\/2022\/07\/longueurdonde-277x300.png 277w, https:\/\/sergedeyork.com\/wp-content\/uploads\/2022\/07\/longueurdonde-947x1024.png 947w, https:\/\/sergedeyork.com\/wp-content\/uploads\/2022\/07\/longueurdonde-768x831.png 768w, https:\/\/sergedeyork.com\/wp-content\/uploads\/2022\/07\/longueurdonde-1420x1536.png 1420w, https:\/\/sergedeyork.com\/wp-content\/uploads\/2022\/07\/longueurdonde-1894x2048.png 1894w, https:\/\/sergedeyork.com\/wp-content\/uploads\/2022\/07\/longueurdonde-1568x1696.png 1568w\" sizes=\"auto, (max-width: 3840px) 100vw, 3840px\" \/><\/figure>\n\n\n\n<figure class=\"wp-block-image size-large\"><img loading=\"lazy\" decoding=\"async\" width=\"3840\" height=\"7062\" data-id=\"187\" src=\"http:\/\/sergedeyork.com\/wp-content\/uploads\/2022\/07\/justmusic.png\" alt=\"\" class=\"wp-image-187\" srcset=\"https:\/\/sergedeyork.com\/wp-content\/uploads\/2022\/07\/justmusic.png 3840w, https:\/\/sergedeyork.com\/wp-content\/uploads\/2022\/07\/justmusic-163x300.png 163w, https:\/\/sergedeyork.com\/wp-content\/uploads\/2022\/07\/justmusic-557x1024.png 557w, https:\/\/sergedeyork.com\/wp-content\/uploads\/2022\/07\/justmusic-768x1412.png 768w, https:\/\/sergedeyork.com\/wp-content\/uploads\/2022\/07\/justmusic-835x1536.png 835w, https:\/\/sergedeyork.com\/wp-content\/uploads\/2022\/07\/justmusic-1114x2048.png 1114w, https:\/\/sergedeyork.com\/wp-content\/uploads\/2022\/07\/justmusic-1568x2884.png 1568w\" sizes=\"auto, (max-width: 3840px) 100vw, 3840px\" \/><\/figure>\n\n\n\n<figure class=\"wp-block-image size-large\"><img loading=\"lazy\" decoding=\"async\" width=\"3840\" height=\"13929\" data-id=\"183\" src=\"http:\/\/sergedeyork.com\/wp-content\/uploads\/2022\/07\/essentiart.png\" alt=\"\" class=\"wp-image-183\" srcset=\"https:\/\/sergedeyork.com\/wp-content\/uploads\/2022\/07\/essentiart.png 3840w, https:\/\/sergedeyork.com\/wp-content\/uploads\/2022\/07\/essentiart-83x300.png 83w, https:\/\/sergedeyork.com\/wp-content\/uploads\/2022\/07\/essentiart-282x1024.png 282w\" sizes=\"auto, (max-width: 3840px) 100vw, 3840px\" \/><\/figure>\n\n\n\n<figure class=\"wp-block-image size-large\"><img loading=\"lazy\" decoding=\"async\" width=\"3840\" height=\"6383\" data-id=\"182\" src=\"http:\/\/sergedeyork.com\/wp-content\/uploads\/2022\/07\/divertir.png\" alt=\"\" class=\"wp-image-182\" srcset=\"https:\/\/sergedeyork.com\/wp-content\/uploads\/2022\/07\/divertir.png 3840w, https:\/\/sergedeyork.com\/wp-content\/uploads\/2022\/07\/divertir-180x300.png 180w, https:\/\/sergedeyork.com\/wp-content\/uploads\/2022\/07\/divertir-616x1024.png 616w, https:\/\/sergedeyork.com\/wp-content\/uploads\/2022\/07\/divertir-768x1277.png 768w, https:\/\/sergedeyork.com\/wp-content\/uploads\/2022\/07\/divertir-924x1536.png 924w, https:\/\/sergedeyork.com\/wp-content\/uploads\/2022\/07\/divertir-1232x2048.png 1232w, https:\/\/sergedeyork.com\/wp-content\/uploads\/2022\/07\/divertir-1568x2606.png 1568w\" sizes=\"auto, (max-width: 3840px) 100vw, 3840px\" \/><\/figure>\n<\/figure>\n","protected":false},"excerpt":{"rendered":"<p>\u201cLe lillois Serge de York place de facto haut la barre pour son premier album&#8230; Neuf titres ancr\u00e9s dans leur \u00e9poque&#8230; Pop \u00e9l\u00e9gante et complexe dont on devine les racines rock s\u00e9duit.&#8221;FRANCOFANS \u201cInspir\u00e9 par des artistes comme Daniel Darc, Benjamin Biolay ou Miossec, Serge de York livre un premier album sans filtre, tr\u00e8s efficace et&hellip; <a class=\"more-link\" href=\"https:\/\/sergedeyork.com\/index.php\/chroniques\/\">Continue reading <span class=\"screen-reader-text\">M\u00e9dias<\/span><\/a><\/p>\n","protected":false},"author":1,"featured_media":0,"parent":0,"menu_order":0,"comment_status":"closed","ping_status":"closed","template":"","meta":{"footnotes":""},"class_list":["post-151","page","type-page","status-publish","hentry","entry"],"yoast_head":"<!-- This site is optimized with the Yoast SEO plugin v27.4 - https:\/\/yoast.com\/product\/yoast-seo-wordpress\/ -->\n<title>M\u00e9dias - Serge de York<\/title>\n<meta name=\"robots\" content=\"index, follow, max-snippet:-1, max-image-preview:large, max-video-preview:-1\" \/>\n<link rel=\"canonical\" href=\"https:\/\/sergedeyork.com\/index.php\/chroniques\/\" \/>\n<meta property=\"og:locale\" content=\"en_US\" \/>\n<meta property=\"og:type\" content=\"article\" \/>\n<meta property=\"og:title\" content=\"M\u00e9dias - Serge de York\" \/>\n<meta property=\"og:description\" content=\"\u201cLe lillois Serge de York place de facto haut la barre pour son premier album&#8230; Neuf titres ancr\u00e9s dans leur \u00e9poque&#8230; Pop \u00e9l\u00e9gante et complexe dont on devine les racines rock s\u00e9duit.&#8221;FRANCOFANS \u201cInspir\u00e9 par des artistes comme Daniel Darc, Benjamin Biolay ou Miossec, Serge de York livre un premier album sans filtre, tr\u00e8s efficace et&hellip; Continue reading M\u00e9dias\" \/>\n<meta property=\"og:url\" content=\"https:\/\/sergedeyork.com\/index.php\/chroniques\/\" \/>\n<meta property=\"og:site_name\" content=\"Serge de York\" \/>\n<meta property=\"article:publisher\" content=\"https:\/\/www.facebook.com\/sergedeyorkofficiel\/\" \/>\n<meta property=\"article:modified_time\" content=\"2022-07-21T12:46:18+00:00\" \/>\n<meta property=\"og:image\" content=\"https:\/\/sergedeyork.com\/wp-content\/uploads\/2022\/07\/Serge-de-York.png\" \/>\n<meta name=\"twitter:card\" content=\"summary_large_image\" \/>\n<meta name=\"twitter:label1\" content=\"Est. reading time\" \/>\n\t<meta name=\"twitter:data1\" content=\"1 minute\" \/>\n<script type=\"application\/ld+json\" class=\"yoast-schema-graph\">{\"@context\":\"https:\\\/\\\/schema.org\",\"@graph\":[{\"@type\":\"WebPage\",\"@id\":\"https:\\\/\\\/sergedeyork.com\\\/index.php\\\/chroniques\\\/\",\"url\":\"https:\\\/\\\/sergedeyork.com\\\/index.php\\\/chroniques\\\/\",\"name\":\"M\u00e9dias - Serge de York\",\"isPartOf\":{\"@id\":\"https:\\\/\\\/sergedeyork.com\\\/#website\"},\"primaryImageOfPage\":{\"@id\":\"https:\\\/\\\/sergedeyork.com\\\/index.php\\\/chroniques\\\/#primaryimage\"},\"image\":{\"@id\":\"https:\\\/\\\/sergedeyork.com\\\/index.php\\\/chroniques\\\/#primaryimage\"},\"thumbnailUrl\":\"https:\\\/\\\/sergedeyork.com\\\/wp-content\\\/uploads\\\/2022\\\/07\\\/Serge-de-York.png\",\"datePublished\":\"2022-06-15T16:06:50+00:00\",\"dateModified\":\"2022-07-21T12:46:18+00:00\",\"breadcrumb\":{\"@id\":\"https:\\\/\\\/sergedeyork.com\\\/index.php\\\/chroniques\\\/#breadcrumb\"},\"inLanguage\":\"en-US\",\"potentialAction\":[{\"@type\":\"ReadAction\",\"target\":[\"https:\\\/\\\/sergedeyork.com\\\/index.php\\\/chroniques\\\/\"]}]},{\"@type\":\"ImageObject\",\"inLanguage\":\"en-US\",\"@id\":\"https:\\\/\\\/sergedeyork.com\\\/index.php\\\/chroniques\\\/#primaryimage\",\"url\":\"https:\\\/\\\/sergedeyork.com\\\/wp-content\\\/uploads\\\/2022\\\/07\\\/Serge-de-York.png\",\"contentUrl\":\"https:\\\/\\\/sergedeyork.com\\\/wp-content\\\/uploads\\\/2022\\\/07\\\/Serge-de-York.png\",\"width\":327,\"height\":934},{\"@type\":\"BreadcrumbList\",\"@id\":\"https:\\\/\\\/sergedeyork.com\\\/index.php\\\/chroniques\\\/#breadcrumb\",\"itemListElement\":[{\"@type\":\"ListItem\",\"position\":1,\"name\":\"Accueil\",\"item\":\"https:\\\/\\\/sergedeyork.com\\\/\"},{\"@type\":\"ListItem\",\"position\":2,\"name\":\"M\u00e9dias\"}]},{\"@type\":\"WebSite\",\"@id\":\"https:\\\/\\\/sergedeyork.com\\\/#website\",\"url\":\"https:\\\/\\\/sergedeyork.com\\\/\",\"name\":\"Serge de York\",\"description\":\"Au nord de nulle part\",\"publisher\":{\"@id\":\"https:\\\/\\\/sergedeyork.com\\\/#organization\"},\"potentialAction\":[{\"@type\":\"SearchAction\",\"target\":{\"@type\":\"EntryPoint\",\"urlTemplate\":\"https:\\\/\\\/sergedeyork.com\\\/?s={search_term_string}\"},\"query-input\":{\"@type\":\"PropertyValueSpecification\",\"valueRequired\":true,\"valueName\":\"search_term_string\"}}],\"inLanguage\":\"en-US\"},{\"@type\":\"Organization\",\"@id\":\"https:\\\/\\\/sergedeyork.com\\\/#organization\",\"name\":\"Serge de York\",\"url\":\"https:\\\/\\\/sergedeyork.com\\\/\",\"logo\":{\"@type\":\"ImageObject\",\"inLanguage\":\"en-US\",\"@id\":\"https:\\\/\\\/sergedeyork.com\\\/#\\\/schema\\\/logo\\\/image\\\/\",\"url\":\"https:\\\/\\\/sergedeyork.com\\\/wp-content\\\/uploads\\\/2022\\\/02\\\/cropped-logowordpress-copie.gif\",\"contentUrl\":\"https:\\\/\\\/sergedeyork.com\\\/wp-content\\\/uploads\\\/2022\\\/02\\\/cropped-logowordpress-copie.gif\",\"width\":600,\"height\":200,\"caption\":\"Serge de York\"},\"image\":{\"@id\":\"https:\\\/\\\/sergedeyork.com\\\/#\\\/schema\\\/logo\\\/image\\\/\"},\"sameAs\":[\"https:\\\/\\\/www.facebook.com\\\/sergedeyorkofficiel\\\/\",\"https:\\\/\\\/www.instagram.com\\\/sergedeyork\\\/\"]}]}<\/script>\n<!-- \/ Yoast SEO plugin. -->","yoast_head_json":{"title":"M\u00e9dias - Serge de York","robots":{"index":"index","follow":"follow","max-snippet":"max-snippet:-1","max-image-preview":"max-image-preview:large","max-video-preview":"max-video-preview:-1"},"canonical":"https:\/\/sergedeyork.com\/index.php\/chroniques\/","og_locale":"en_US","og_type":"article","og_title":"M\u00e9dias - Serge de York","og_description":"\u201cLe lillois Serge de York place de facto haut la barre pour son premier album&#8230; Neuf titres ancr\u00e9s dans leur \u00e9poque&#8230; Pop \u00e9l\u00e9gante et complexe dont on devine les racines rock s\u00e9duit.&#8221;FRANCOFANS \u201cInspir\u00e9 par des artistes comme Daniel Darc, Benjamin Biolay ou Miossec, Serge de York livre un premier album sans filtre, tr\u00e8s efficace et&hellip; Continue reading M\u00e9dias","og_url":"https:\/\/sergedeyork.com\/index.php\/chroniques\/","og_site_name":"Serge de York","article_publisher":"https:\/\/www.facebook.com\/sergedeyorkofficiel\/","article_modified_time":"2022-07-21T12:46:18+00:00","og_image":[{"url":"https:\/\/sergedeyork.com\/wp-content\/uploads\/2022\/07\/Serge-de-York.png","type":"","width":"","height":""}],"twitter_card":"summary_large_image","twitter_misc":{"Est. reading time":"1 minute"},"schema":{"@context":"https:\/\/schema.org","@graph":[{"@type":"WebPage","@id":"https:\/\/sergedeyork.com\/index.php\/chroniques\/","url":"https:\/\/sergedeyork.com\/index.php\/chroniques\/","name":"M\u00e9dias - Serge de York","isPartOf":{"@id":"https:\/\/sergedeyork.com\/#website"},"primaryImageOfPage":{"@id":"https:\/\/sergedeyork.com\/index.php\/chroniques\/#primaryimage"},"image":{"@id":"https:\/\/sergedeyork.com\/index.php\/chroniques\/#primaryimage"},"thumbnailUrl":"https:\/\/sergedeyork.com\/wp-content\/uploads\/2022\/07\/Serge-de-York.png","datePublished":"2022-06-15T16:06:50+00:00","dateModified":"2022-07-21T12:46:18+00:00","breadcrumb":{"@id":"https:\/\/sergedeyork.com\/index.php\/chroniques\/#breadcrumb"},"inLanguage":"en-US","potentialAction":[{"@type":"ReadAction","target":["https:\/\/sergedeyork.com\/index.php\/chroniques\/"]}]},{"@type":"ImageObject","inLanguage":"en-US","@id":"https:\/\/sergedeyork.com\/index.php\/chroniques\/#primaryimage","url":"https:\/\/sergedeyork.com\/wp-content\/uploads\/2022\/07\/Serge-de-York.png","contentUrl":"https:\/\/sergedeyork.com\/wp-content\/uploads\/2022\/07\/Serge-de-York.png","width":327,"height":934},{"@type":"BreadcrumbList","@id":"https:\/\/sergedeyork.com\/index.php\/chroniques\/#breadcrumb","itemListElement":[{"@type":"ListItem","position":1,"name":"Accueil","item":"https:\/\/sergedeyork.com\/"},{"@type":"ListItem","position":2,"name":"M\u00e9dias"}]},{"@type":"WebSite","@id":"https:\/\/sergedeyork.com\/#website","url":"https:\/\/sergedeyork.com\/","name":"Serge de York","description":"Au nord de nulle part","publisher":{"@id":"https:\/\/sergedeyork.com\/#organization"},"potentialAction":[{"@type":"SearchAction","target":{"@type":"EntryPoint","urlTemplate":"https:\/\/sergedeyork.com\/?s={search_term_string}"},"query-input":{"@type":"PropertyValueSpecification","valueRequired":true,"valueName":"search_term_string"}}],"inLanguage":"en-US"},{"@type":"Organization","@id":"https:\/\/sergedeyork.com\/#organization","name":"Serge de York","url":"https:\/\/sergedeyork.com\/","logo":{"@type":"ImageObject","inLanguage":"en-US","@id":"https:\/\/sergedeyork.com\/#\/schema\/logo\/image\/","url":"https:\/\/sergedeyork.com\/wp-content\/uploads\/2022\/02\/cropped-logowordpress-copie.gif","contentUrl":"https:\/\/sergedeyork.com\/wp-content\/uploads\/2022\/02\/cropped-logowordpress-copie.gif","width":600,"height":200,"caption":"Serge de York"},"image":{"@id":"https:\/\/sergedeyork.com\/#\/schema\/logo\/image\/"},"sameAs":["https:\/\/www.facebook.com\/sergedeyorkofficiel\/","https:\/\/www.instagram.com\/sergedeyork\/"]}]}},"_links":{"self":[{"href":"https:\/\/sergedeyork.com\/index.php\/wp-json\/wp\/v2\/pages\/151","targetHints":{"allow":["GET"]}}],"collection":[{"href":"https:\/\/sergedeyork.com\/index.php\/wp-json\/wp\/v2\/pages"}],"about":[{"href":"https:\/\/sergedeyork.com\/index.php\/wp-json\/wp\/v2\/types\/page"}],"author":[{"embeddable":true,"href":"https:\/\/sergedeyork.com\/index.php\/wp-json\/wp\/v2\/users\/1"}],"replies":[{"embeddable":true,"href":"https:\/\/sergedeyork.com\/index.php\/wp-json\/wp\/v2\/comments?post=151"}],"version-history":[{"count":11,"href":"https:\/\/sergedeyork.com\/index.php\/wp-json\/wp\/v2\/pages\/151\/revisions"}],"predecessor-version":[{"id":210,"href":"https:\/\/sergedeyork.com\/index.php\/wp-json\/wp\/v2\/pages\/151\/revisions\/210"}],"wp:attachment":[{"href":"https:\/\/sergedeyork.com\/index.php\/wp-json\/wp\/v2\/media?parent=151"}],"curies":[{"name":"wp","href":"https:\/\/api.w.org\/{rel}","templated":true}]}}