{"id":6,"date":"2022-02-26T10:07:35","date_gmt":"2022-02-26T09:07:35","guid":{"rendered":"http:\/\/sergedeyork.com\/?page_id=6"},"modified":"2022-02-26T18:14:54","modified_gmt":"2022-02-26T17:14:54","slug":"a-propos-de","status":"publish","type":"page","link":"https:\/\/sergedeyork.com\/index.php\/a-propos-de\/","title":{"rendered":"Bio"},"content":{"rendered":"\n<p><strong><em>\u00ab La piste de danse est couverte de gens, presque tous sont jeunes, presque tous s&#8217;ennuient, presque tous essaient de montrer qu&#8217;ils s&#8217;amusent. \u00bb Bret Easton Ellis &#8211; Moins que z\u00e9ro<\/em><\/strong><\/p>\n\n\n\n<figure class=\"wp-block-gallery has-nested-images columns-default is-cropped wp-block-gallery-1 is-layout-flex wp-block-gallery-is-layout-flex\">\n<figure class=\"wp-block-image size-large\"><img loading=\"lazy\" decoding=\"async\" width=\"1024\" height=\"1024\" data-id=\"46\" src=\"http:\/\/sergedeyork.com\/wp-content\/uploads\/2022\/02\/2-1024x1024.png\" alt=\"\" class=\"wp-image-46\" srcset=\"https:\/\/sergedeyork.com\/wp-content\/uploads\/2022\/02\/2-1024x1024.png 1024w, https:\/\/sergedeyork.com\/wp-content\/uploads\/2022\/02\/2-300x300.png 300w, https:\/\/sergedeyork.com\/wp-content\/uploads\/2022\/02\/2-150x150.png 150w, https:\/\/sergedeyork.com\/wp-content\/uploads\/2022\/02\/2-768x768.png 768w, https:\/\/sergedeyork.com\/wp-content\/uploads\/2022\/02\/2-1536x1536.png 1536w, https:\/\/sergedeyork.com\/wp-content\/uploads\/2022\/02\/2.png 2048w, https:\/\/sergedeyork.com\/wp-content\/uploads\/2022\/02\/2-1568x1568.png 1568w\" sizes=\"auto, (max-width: 1024px) 100vw, 1024px\" \/><figcaption><a href=\"https:\/\/www.instagram.com\/_henri_auguste_\/\">\u00a9\u00a0_henri_auguste<\/a><\/figcaption><\/figure>\n\n\n\n<figure class=\"wp-block-image size-large\"><img loading=\"lazy\" decoding=\"async\" width=\"2048\" height=\"2048\" data-id=\"43\" src=\"http:\/\/sergedeyork.com\/wp-content\/uploads\/2022\/02\/4-1024x1024.png\" alt=\"\" class=\"wp-image-43\" srcset=\"https:\/\/sergedeyork.com\/wp-content\/uploads\/2022\/02\/4-1024x1024.png 1024w, https:\/\/sergedeyork.com\/wp-content\/uploads\/2022\/02\/4-300x300.png 300w, https:\/\/sergedeyork.com\/wp-content\/uploads\/2022\/02\/4-150x150.png 150w, https:\/\/sergedeyork.com\/wp-content\/uploads\/2022\/02\/4-768x768.png 768w, https:\/\/sergedeyork.com\/wp-content\/uploads\/2022\/02\/4-1536x1536.png 1536w, https:\/\/sergedeyork.com\/wp-content\/uploads\/2022\/02\/4.png 2048w, https:\/\/sergedeyork.com\/wp-content\/uploads\/2022\/02\/4-1568x1568.png 1568w\" sizes=\"auto, (max-width: 2048px) 100vw, 2048px\" \/><figcaption><a href=\"https:\/\/www.instagram.com\/_henri_auguste_\/\">\u00a9\u00a0_henri_auguste<\/a><\/figcaption><\/figure>\n\n\n\n<figure class=\"wp-block-image size-large\"><img loading=\"lazy\" decoding=\"async\" width=\"1024\" height=\"1024\" data-id=\"45\" src=\"http:\/\/sergedeyork.com\/wp-content\/uploads\/2022\/02\/etiennedeyork-1024x1024.png\" alt=\"\" class=\"wp-image-45\" srcset=\"https:\/\/sergedeyork.com\/wp-content\/uploads\/2022\/02\/etiennedeyork-1024x1024.png 1024w, https:\/\/sergedeyork.com\/wp-content\/uploads\/2022\/02\/etiennedeyork-300x300.png 300w, https:\/\/sergedeyork.com\/wp-content\/uploads\/2022\/02\/etiennedeyork-150x150.png 150w, https:\/\/sergedeyork.com\/wp-content\/uploads\/2022\/02\/etiennedeyork-768x768.png 768w, https:\/\/sergedeyork.com\/wp-content\/uploads\/2022\/02\/etiennedeyork-1536x1536.png 1536w, https:\/\/sergedeyork.com\/wp-content\/uploads\/2022\/02\/etiennedeyork.png 2048w, https:\/\/sergedeyork.com\/wp-content\/uploads\/2022\/02\/etiennedeyork-1568x1568.png 1568w\" sizes=\"auto, (max-width: 1024px) 100vw, 1024px\" \/><figcaption><a href=\"https:\/\/www.instagram.com\/_henri_auguste_\/\">\u00a9\u00a0_henri_auguste<\/a><\/figcaption><\/figure>\n<\/figure>\n\n\n\n<p><br>Avec son perfecto soign\u00e9 et sa coiffure impeccable, <strong>Serge de York<\/strong> a toutes les apparences d&#8217;un nouveau dandy de la <strong>chanson fran\u00e7aise <\/strong>version 3.0. Mais derri\u00e8re le masque, le cuir craquelle \u2026<br><br>Fragile, cynique, hypersensible et terriblement universel, Serge est un oiseau de nuit tout droit sorti de la plume de Pacadis. Il r\u00e8gle ses comptes avec son histoire familiale, un p\u00e8re absent, la m\u00e9lancolie de l\u2019enfance. Une descente aux enfers racont\u00e9e pied au plancher, de la fa\u00e7on la moins romanc\u00e9e possible. Mais sa musique et son \u00e9criture transpirent d\u2019une pulsion de vie que seuls ceux qui ont touch\u00e9 le fond de la piscine sont en capacit\u00e9 d\u2019avoir.<br><br>Assumant sa part d\u2019ombre et de noirceur, Serge de York raconte l\u2019injonction permanente de notre \u00e9poque \u00e0 l\u2019avatarisation et au bonheur Instagram-able\u2026 et surtout le malaise qu&#8217;elle provoque chez<br>ceux que cette cosm\u00e9tique de soi oppresse. Des titres cathartiques \u00e9crits pour sortir d\u2019une d\u00e9pression qui ne le quittait plus depuis le d\u00e9c\u00e8s brutal de ses parents \u2013 synonyme d\u2019un passage d\u00e9finitif \u00e0 l\u2019\u00e2ge adulte.<br>\u00ab Je ne supportais plus les crises d\u2019angoisse quotidiennes, qui me menaient doucement vers la tombe\u2026 Alors que la vie m\u2019offrait tout, l\u2019amour, une carri\u00e8re professionnelle tr\u00e8s gratifiante\u2026 J\u2019avais un besoin vital de vider mon sac, de m\u2019affranchir d\u2019un pass\u00e9 toujours int\u00e9rioris\u00e9, cach\u00e9 et masqu\u00e9 par des sourires de fa\u00e7ade. \u00bb<br><\/p>\n\n\n\n<p>Derri\u00e8res les mots crus, le valium, le whisky, les antid\u00e9presseurs, il y a une fureur d\u2019aimer et beaucoup de tendresse comme le sugg\u00e8re le titre \u00ab Embrasse-moi d\u2019abord \u00bb. L\u2019aspiration au bonheur derri\u00e8re la provocation, c\u2019est peut-\u00eatre en \u00e7a que Serge de York se rapproche de l\u2019homme \u00e0 la t\u00eate de chou, auquel son nom d\u2019artiste fait \u00e9videmment r\u00e9f\u00e9rence.<\/p>\n\n\n\n<p>D\u00e9j\u00e0 rep\u00e9r\u00e9, il y a une dizaine d\u2019ann\u00e9es au sein du groupe FLOU, Serge de York n\u2019en est pas \u00e0 son coup d\u2019essai. Ce groupe, consid\u00e9r\u00e9 comme un grand espoir de la sc\u00e8ne r\u00e9gionale nordiste, avait<br>fini par splitter de fa\u00e7on fulgurante, apr\u00e8s un premier maxi et une cinquantaine de concerts intenses et sulfureux au 4 coins de l\u2019Europe.<br><br>Depuis, la m\u00e9lancolie de Serge, \u00ab bien jolie, bien enfouie \u00bb, a donn\u00e9 naissance \u00e0 son premier album \u00ab Au Nord de nulle part \u00bb. Un clin d\u2019\u0153il au recueil de Bukowski \u00ab Au sud de nulle part \u00bb et sa<br>galerie de personnages inadapt\u00e9s et sublimes. C\u2019est ce m\u00eame syndrome de l\u2019imposture qui a nourri l\u2019inspiration de Serge de York. Son \u00e9criture est \u00e0 la fois furieusement et compl\u00e8tement intemporelle.<br>Ses morceaux forment un m\u00e9lange de pop urbaine, d&#8217;indie Mancunienne et de chanson fran\u00e7aise.<\/p>\n\n\n\n<p><br>Neuf titres \u00e9pur\u00e9s &#8211; \u00e9labor\u00e9s en homestudio sur Ableton &#8211; presque rong\u00e9s jusqu\u2019\u00e0 l\u2019os et dont il ne reste que l\u2019essentiel : des m\u00e9lodies limpides, des rythmiques efficaces et des basses chaloup\u00e9es<br>qui sonnent comme une \u00e9vidence. En cela, Serge de York s\u2019inscrit compl\u00e8tement dans cette sc\u00e8ne fran\u00e7aise d\u00e9complex\u00e9e qui manie les influences avec d\u00e9sinvolture empruntant autant aux a\u00een\u00e9s &#8211; <strong>Daniel Darc<\/strong>, <strong>Biolay<\/strong> ou <strong>Miossec<\/strong> \u2013 qu\u2019au meilleur de la sc\u00e8ne contemporaine &#8211; <strong>Terre Noire<\/strong>, <strong>Malik Djoudi<\/strong>, <strong>Orelsan<\/strong>\u2026<\/p>\n","protected":false},"excerpt":{"rendered":"<p>\u00ab La piste de danse est couverte de gens, presque tous sont jeunes, presque tous s&#8217;ennuient, presque tous essaient de montrer qu&#8217;ils s&#8217;amusent. \u00bb Bret Easton Ellis &#8211; Moins que z\u00e9ro Avec son perfecto soign\u00e9 et sa coiffure impeccable, Serge de York a toutes les apparences d&#8217;un nouveau dandy de la chanson fran\u00e7aise version 3.0.&hellip; <a class=\"more-link\" href=\"https:\/\/sergedeyork.com\/index.php\/a-propos-de\/\">Continue reading <span class=\"screen-reader-text\">Bio<\/span><\/a><\/p>\n","protected":false},"author":1,"featured_media":0,"parent":0,"menu_order":0,"comment_status":"closed","ping_status":"closed","template":"","meta":{"footnotes":""},"class_list":["post-6","page","type-page","status-publish","hentry","entry"],"yoast_head":"<!-- This site is optimized with the Yoast SEO plugin v27.4 - https:\/\/yoast.com\/product\/yoast-seo-wordpress\/ -->\n<title>Bio - Serge de York<\/title>\n<meta name=\"robots\" content=\"index, follow, max-snippet:-1, max-image-preview:large, max-video-preview:-1\" \/>\n<link rel=\"canonical\" href=\"https:\/\/sergedeyork.com\/index.php\/a-propos-de\/\" \/>\n<meta property=\"og:locale\" content=\"en_US\" \/>\n<meta property=\"og:type\" content=\"article\" \/>\n<meta property=\"og:title\" content=\"Bio - Serge de York\" \/>\n<meta property=\"og:description\" content=\"\u00ab La piste de danse est couverte de gens, presque tous sont jeunes, presque tous s&#8217;ennuient, presque tous essaient de montrer qu&#8217;ils s&#8217;amusent. \u00bb Bret Easton Ellis &#8211; Moins que z\u00e9ro Avec son perfecto soign\u00e9 et sa coiffure impeccable, Serge de York a toutes les apparences d&#8217;un nouveau dandy de la chanson fran\u00e7aise version 3.0.&hellip; Continue reading Bio\" \/>\n<meta property=\"og:url\" content=\"https:\/\/sergedeyork.com\/index.php\/a-propos-de\/\" \/>\n<meta property=\"og:site_name\" content=\"Serge de York\" \/>\n<meta property=\"article:publisher\" content=\"https:\/\/www.facebook.com\/sergedeyorkofficiel\/\" \/>\n<meta property=\"article:modified_time\" content=\"2022-02-26T17:14:54+00:00\" \/>\n<meta property=\"og:image\" content=\"http:\/\/sergedeyork.com\/wp-content\/uploads\/2022\/02\/2-1024x1024.png\" \/>\n<meta name=\"twitter:card\" content=\"summary_large_image\" \/>\n<meta name=\"twitter:label1\" content=\"Est. reading time\" \/>\n\t<meta name=\"twitter:data1\" content=\"3 minutes\" \/>\n<script type=\"application\/ld+json\" class=\"yoast-schema-graph\">{\"@context\":\"https:\\\/\\\/schema.org\",\"@graph\":[{\"@type\":\"WebPage\",\"@id\":\"https:\\\/\\\/sergedeyork.com\\\/index.php\\\/a-propos-de\\\/\",\"url\":\"https:\\\/\\\/sergedeyork.com\\\/index.php\\\/a-propos-de\\\/\",\"name\":\"Bio - Serge de York\",\"isPartOf\":{\"@id\":\"https:\\\/\\\/sergedeyork.com\\\/#website\"},\"primaryImageOfPage\":{\"@id\":\"https:\\\/\\\/sergedeyork.com\\\/index.php\\\/a-propos-de\\\/#primaryimage\"},\"image\":{\"@id\":\"https:\\\/\\\/sergedeyork.com\\\/index.php\\\/a-propos-de\\\/#primaryimage\"},\"thumbnailUrl\":\"http:\\\/\\\/sergedeyork.com\\\/wp-content\\\/uploads\\\/2022\\\/02\\\/2-1024x1024.png\",\"datePublished\":\"2022-02-26T09:07:35+00:00\",\"dateModified\":\"2022-02-26T17:14:54+00:00\",\"breadcrumb\":{\"@id\":\"https:\\\/\\\/sergedeyork.com\\\/index.php\\\/a-propos-de\\\/#breadcrumb\"},\"inLanguage\":\"en-US\",\"potentialAction\":[{\"@type\":\"ReadAction\",\"target\":[\"https:\\\/\\\/sergedeyork.com\\\/index.php\\\/a-propos-de\\\/\"]}]},{\"@type\":\"ImageObject\",\"inLanguage\":\"en-US\",\"@id\":\"https:\\\/\\\/sergedeyork.com\\\/index.php\\\/a-propos-de\\\/#primaryimage\",\"url\":\"https:\\\/\\\/sergedeyork.com\\\/wp-content\\\/uploads\\\/2022\\\/02\\\/2.png\",\"contentUrl\":\"https:\\\/\\\/sergedeyork.com\\\/wp-content\\\/uploads\\\/2022\\\/02\\\/2.png\",\"width\":2048,\"height\":2048},{\"@type\":\"BreadcrumbList\",\"@id\":\"https:\\\/\\\/sergedeyork.com\\\/index.php\\\/a-propos-de\\\/#breadcrumb\",\"itemListElement\":[{\"@type\":\"ListItem\",\"position\":1,\"name\":\"Accueil\",\"item\":\"https:\\\/\\\/sergedeyork.com\\\/\"},{\"@type\":\"ListItem\",\"position\":2,\"name\":\"Bio\"}]},{\"@type\":\"WebSite\",\"@id\":\"https:\\\/\\\/sergedeyork.com\\\/#website\",\"url\":\"https:\\\/\\\/sergedeyork.com\\\/\",\"name\":\"Serge de York\",\"description\":\"Au nord de nulle part\",\"publisher\":{\"@id\":\"https:\\\/\\\/sergedeyork.com\\\/#organization\"},\"potentialAction\":[{\"@type\":\"SearchAction\",\"target\":{\"@type\":\"EntryPoint\",\"urlTemplate\":\"https:\\\/\\\/sergedeyork.com\\\/?s={search_term_string}\"},\"query-input\":{\"@type\":\"PropertyValueSpecification\",\"valueRequired\":true,\"valueName\":\"search_term_string\"}}],\"inLanguage\":\"en-US\"},{\"@type\":\"Organization\",\"@id\":\"https:\\\/\\\/sergedeyork.com\\\/#organization\",\"name\":\"Serge de York\",\"url\":\"https:\\\/\\\/sergedeyork.com\\\/\",\"logo\":{\"@type\":\"ImageObject\",\"inLanguage\":\"en-US\",\"@id\":\"https:\\\/\\\/sergedeyork.com\\\/#\\\/schema\\\/logo\\\/image\\\/\",\"url\":\"https:\\\/\\\/sergedeyork.com\\\/wp-content\\\/uploads\\\/2022\\\/02\\\/cropped-logowordpress-copie.gif\",\"contentUrl\":\"https:\\\/\\\/sergedeyork.com\\\/wp-content\\\/uploads\\\/2022\\\/02\\\/cropped-logowordpress-copie.gif\",\"width\":600,\"height\":200,\"caption\":\"Serge de York\"},\"image\":{\"@id\":\"https:\\\/\\\/sergedeyork.com\\\/#\\\/schema\\\/logo\\\/image\\\/\"},\"sameAs\":[\"https:\\\/\\\/www.facebook.com\\\/sergedeyorkofficiel\\\/\",\"https:\\\/\\\/www.instagram.com\\\/sergedeyork\\\/\"]}]}<\/script>\n<!-- \/ Yoast SEO plugin. -->","yoast_head_json":{"title":"Bio - Serge de York","robots":{"index":"index","follow":"follow","max-snippet":"max-snippet:-1","max-image-preview":"max-image-preview:large","max-video-preview":"max-video-preview:-1"},"canonical":"https:\/\/sergedeyork.com\/index.php\/a-propos-de\/","og_locale":"en_US","og_type":"article","og_title":"Bio - Serge de York","og_description":"\u00ab La piste de danse est couverte de gens, presque tous sont jeunes, presque tous s&#8217;ennuient, presque tous essaient de montrer qu&#8217;ils s&#8217;amusent. \u00bb Bret Easton Ellis &#8211; Moins que z\u00e9ro Avec son perfecto soign\u00e9 et sa coiffure impeccable, Serge de York a toutes les apparences d&#8217;un nouveau dandy de la chanson fran\u00e7aise version 3.0.&hellip; Continue reading Bio","og_url":"https:\/\/sergedeyork.com\/index.php\/a-propos-de\/","og_site_name":"Serge de York","article_publisher":"https:\/\/www.facebook.com\/sergedeyorkofficiel\/","article_modified_time":"2022-02-26T17:14:54+00:00","og_image":[{"url":"http:\/\/sergedeyork.com\/wp-content\/uploads\/2022\/02\/2-1024x1024.png","type":"","width":"","height":""}],"twitter_card":"summary_large_image","twitter_misc":{"Est. reading time":"3 minutes"},"schema":{"@context":"https:\/\/schema.org","@graph":[{"@type":"WebPage","@id":"https:\/\/sergedeyork.com\/index.php\/a-propos-de\/","url":"https:\/\/sergedeyork.com\/index.php\/a-propos-de\/","name":"Bio - Serge de York","isPartOf":{"@id":"https:\/\/sergedeyork.com\/#website"},"primaryImageOfPage":{"@id":"https:\/\/sergedeyork.com\/index.php\/a-propos-de\/#primaryimage"},"image":{"@id":"https:\/\/sergedeyork.com\/index.php\/a-propos-de\/#primaryimage"},"thumbnailUrl":"http:\/\/sergedeyork.com\/wp-content\/uploads\/2022\/02\/2-1024x1024.png","datePublished":"2022-02-26T09:07:35+00:00","dateModified":"2022-02-26T17:14:54+00:00","breadcrumb":{"@id":"https:\/\/sergedeyork.com\/index.php\/a-propos-de\/#breadcrumb"},"inLanguage":"en-US","potentialAction":[{"@type":"ReadAction","target":["https:\/\/sergedeyork.com\/index.php\/a-propos-de\/"]}]},{"@type":"ImageObject","inLanguage":"en-US","@id":"https:\/\/sergedeyork.com\/index.php\/a-propos-de\/#primaryimage","url":"https:\/\/sergedeyork.com\/wp-content\/uploads\/2022\/02\/2.png","contentUrl":"https:\/\/sergedeyork.com\/wp-content\/uploads\/2022\/02\/2.png","width":2048,"height":2048},{"@type":"BreadcrumbList","@id":"https:\/\/sergedeyork.com\/index.php\/a-propos-de\/#breadcrumb","itemListElement":[{"@type":"ListItem","position":1,"name":"Accueil","item":"https:\/\/sergedeyork.com\/"},{"@type":"ListItem","position":2,"name":"Bio"}]},{"@type":"WebSite","@id":"https:\/\/sergedeyork.com\/#website","url":"https:\/\/sergedeyork.com\/","name":"Serge de York","description":"Au nord de nulle part","publisher":{"@id":"https:\/\/sergedeyork.com\/#organization"},"potentialAction":[{"@type":"SearchAction","target":{"@type":"EntryPoint","urlTemplate":"https:\/\/sergedeyork.com\/?s={search_term_string}"},"query-input":{"@type":"PropertyValueSpecification","valueRequired":true,"valueName":"search_term_string"}}],"inLanguage":"en-US"},{"@type":"Organization","@id":"https:\/\/sergedeyork.com\/#organization","name":"Serge de York","url":"https:\/\/sergedeyork.com\/","logo":{"@type":"ImageObject","inLanguage":"en-US","@id":"https:\/\/sergedeyork.com\/#\/schema\/logo\/image\/","url":"https:\/\/sergedeyork.com\/wp-content\/uploads\/2022\/02\/cropped-logowordpress-copie.gif","contentUrl":"https:\/\/sergedeyork.com\/wp-content\/uploads\/2022\/02\/cropped-logowordpress-copie.gif","width":600,"height":200,"caption":"Serge de York"},"image":{"@id":"https:\/\/sergedeyork.com\/#\/schema\/logo\/image\/"},"sameAs":["https:\/\/www.facebook.com\/sergedeyorkofficiel\/","https:\/\/www.instagram.com\/sergedeyork\/"]}]}},"_links":{"self":[{"href":"https:\/\/sergedeyork.com\/index.php\/wp-json\/wp\/v2\/pages\/6","targetHints":{"allow":["GET"]}}],"collection":[{"href":"https:\/\/sergedeyork.com\/index.php\/wp-json\/wp\/v2\/pages"}],"about":[{"href":"https:\/\/sergedeyork.com\/index.php\/wp-json\/wp\/v2\/types\/page"}],"author":[{"embeddable":true,"href":"https:\/\/sergedeyork.com\/index.php\/wp-json\/wp\/v2\/users\/1"}],"replies":[{"embeddable":true,"href":"https:\/\/sergedeyork.com\/index.php\/wp-json\/wp\/v2\/comments?post=6"}],"version-history":[{"count":6,"href":"https:\/\/sergedeyork.com\/index.php\/wp-json\/wp\/v2\/pages\/6\/revisions"}],"predecessor-version":[{"id":48,"href":"https:\/\/sergedeyork.com\/index.php\/wp-json\/wp\/v2\/pages\/6\/revisions\/48"}],"wp:attachment":[{"href":"https:\/\/sergedeyork.com\/index.php\/wp-json\/wp\/v2\/media?parent=6"}],"curies":[{"name":"wp","href":"https:\/\/api.w.org\/{rel}","templated":true}]}}